{"id":734,"date":"2014-03-07T22:12:00","date_gmt":"2014-03-07T22:12:00","guid":{"rendered":"http:\/\/staging.irontemplates.com\/wp-demos\/lush\/?page_id=734"},"modified":"2014-08-31T19:06:13","modified_gmt":"2014-08-31T18:06:13","slug":"upcoming-events","status":"publish","type":"page","link":"https:\/\/www.lindadubois.com\/?page_id=734","title":{"rendered":"\u00e9v\u00e9nements \u00e0 venir"},"content":{"rendered":"<div class=\"wpb_row vc_row-fluid  in_container\" style=\"\"  data-token=\"yaZAm\" data-randomid=\"ixu\">\n\t<div class=\"vc_col-sm-12 wpb_column column_container\">\n\t\t<div class=\"wpb_wrapper\">\n\t\t\t\n\t\t<\/div> \n\t<\/div> \n<\/div>\n","protected":false},"excerpt":{"rendered":"","protected":false},"author":3,"featured_media":0,"parent":7,"menu_order":1,"comment_status":"closed","ping_status":"closed","template":"archive-event.php","meta":[],"_links":{"self":[{"href":"https:\/\/www.lindadubois.com\/index.php?rest_route=\/wp\/v2\/pages\/734"}],"collection":[{"href":"https:\/\/www.lindadubois.com\/index.php?rest_route=\/wp\/v2\/pages"}],"about":[{"href":"https:\/\/www.lindadubois.com\/index.php?rest_route=\/wp\/v2\/types\/page"}],"author":[{"embeddable":true,"href":"https:\/\/www.lindadubois.com\/index.php?rest_route=\/wp\/v2\/users\/3"}],"replies":[{"embeddable":true,"href":"https:\/\/www.lindadubois.com\/index.php?rest_route=%2Fwp%2Fv2%2Fcomments&post=734"}],"version-history":[{"count":6,"href":"https:\/\/www.lindadubois.com\/index.php?rest_route=\/wp\/v2\/pages\/734\/revisions"}],"predecessor-version":[{"id":2457,"href":"https:\/\/www.lindadubois.com\/index.php?rest_route=\/wp\/v2\/pages\/734\/revisions\/2457"}],"up":[{"embeddable":true,"href":"https:\/\/www.lindadubois.com\/index.php?rest_route=\/wp\/v2\/pages\/7"}],"wp:attachment":[{"href":"https:\/\/www.lindadubois.com\/index.php?rest_route=%2Fwp%2Fv2%2Fmedia&parent=734"}],"curies":[{"name":"wp","href":"https:\/\/api.w.org\/{rel}","templated":true}]}}